{"id":1063,"date":"2023-07-20T12:14:01","date_gmt":"2023-07-20T10:14:01","guid":{"rendered":"https:\/\/ambstoccolma.esteri.it\/?page_id=1063"},"modified":"2024-11-29T12:34:27","modified_gmt":"2024-11-29T11:34:27","slug":"svenkst-dodsfall","status":"publish","type":"page","link":"https:\/\/ambstoccolma.esteri.it\/en\/servizi-consolari-e-visti\/servizi-per-il-cittadino-italiano\/stato-civile\/svenkst-dodsfall\/","title":{"rendered":"Svenkst d\u00f6dsfall"},"content":{"rendered":"<p><strong>F\u00d6R EU-MEDBORGARE<\/strong><\/p>\n<ol>\n<li>originaldokument om d\u00f6dsfall med bilagan p\u00e5 italienska (EU-f\u00f6rordning 2016\/1191 om offentliga handlingar): detta dokument ska best\u00e4llas direkt fr\u00e5n Skatteverkets folkbokf\u00f6ring och best\u00e5r av ett personbevis om d\u00f6dsfall (<em><i>dokument om d\u00f6dsfall<\/i><\/em>) och en bilaga p\u00e5 italienska (OBS alla sidor m\u00e5ste skickas).<br \/>\nKolla Skatteverkets webbplats i avsnittet om \u201cTv\u00e5spr\u00e5kiga dokument inom EU\u201d:\u00a0<a href=\"https:\/\/www.skatteverket.se\/privat\/folkbokforing\/bestallpersonbevis\/vanligaonskemalfranutlandskamyndigheter.4.3810a01c150939e893f22054.html?q=Vanliga+%C3%B6nskem%C3%A5l+fr%C3%A5n+utl%C3%A4ndska+myndigheter+%7C+Skatteverket\">Vanliga \u00f6nskem\u00e5l fr\u00e5n utl\u00e4ndska myndigheter | Skatteverket<\/a><\/li>\n<li>en vanlig fotokopia av d\u00f6dsbeviset som ska beg\u00e4ras fr\u00e5n Skatteverket.<\/li>\n<li>en medf\u00f6ljande anteckning med namn och efternamn, adress, telefon och mejladress f\u00f6r eventuella meddelanden.<\/li>\n<li>f\u00f6r en icke folkbokf\u00f6rd medborgare i Sverige: ange i anteckningen i vilken kommun i Italien d\u00f6dsintyget kommer att registreras.<\/li>\n<\/ol>\n<p><strong>F\u00d6R ICKE EU-MEDBORGARE SOM \u00c4R FOLKBOKF\u00d6RDA I ITALIEN<\/strong><\/p>\n<p>V\u00e4nligen kontakta Konsulatet.<\/p>\n","protected":false},"excerpt":{"rendered":"F\u00d6R EU-MEDBORGARE originaldokument om d\u00f6dsfall med bilagan p\u00e5 italienska (EU-f\u00f6rordning 2016\/1191 om offentliga handlingar): detta dokument ska best\u00e4llas direkt fr\u00e5n Skatteverkets folkbokf\u00f6ring och best\u00e5r av ett personbevis om d\u00f6dsfall (dokument om d\u00f6dsfall) och en bilaga p\u00e5 italienska (OBS alla sidor m\u00e5ste skickas). Kolla Skatteverkets webbplats i avsnittet om \u201cTv\u00e5spr\u00e5kiga dokument inom EU\u201d:\u00a0Vanliga \u00f6nskem\u00e5l fr\u00e5n utl\u00e4ndska [&hellip;]","protected":false},"author":8,"featured_media":0,"parent":235,"menu_order":6,"comment_status":"closed","ping_status":"closed","template":"","meta":{"footnotes":""},"class_list":["post-1063","page","type-page","status-publish","hentry"],"_links":{"self":[{"href":"https:\/\/ambstoccolma.esteri.it\/en\/wp-json\/wp\/v2\/pages\/1063","targetHints":{"allow":["GET"]}}],"collection":[{"href":"https:\/\/ambstoccolma.esteri.it\/en\/wp-json\/wp\/v2\/pages"}],"about":[{"href":"https:\/\/ambstoccolma.esteri.it\/en\/wp-json\/wp\/v2\/types\/page"}],"author":[{"embeddable":true,"href":"https:\/\/ambstoccolma.esteri.it\/en\/wp-json\/wp\/v2\/users\/8"}],"replies":[{"embeddable":true,"href":"https:\/\/ambstoccolma.esteri.it\/en\/wp-json\/wp\/v2\/comments?post=1063"}],"version-history":[{"count":1,"href":"https:\/\/ambstoccolma.esteri.it\/en\/wp-json\/wp\/v2\/pages\/1063\/revisions"}],"predecessor-version":[{"id":3579,"href":"https:\/\/ambstoccolma.esteri.it\/en\/wp-json\/wp\/v2\/pages\/1063\/revisions\/3579"}],"up":[{"embeddable":true,"href":"https:\/\/ambstoccolma.esteri.it\/en\/wp-json\/wp\/v2\/pages\/235"}],"wp:attachment":[{"href":"https:\/\/ambstoccolma.esteri.it\/en\/wp-json\/wp\/v2\/media?parent=1063"}],"curies":[{"name":"wp","href":"https:\/\/api.w.org\/{rel}","templated":true}]}}