{"id":1100,"date":"2023-07-28T16:21:02","date_gmt":"2023-07-28T14:21:02","guid":{"rendered":"https:\/\/ambstoccolma.esteri.it\/servizi-consolari-e-visti\/servizi-per-il-cittadino-italiano\/spid\/"},"modified":"2023-08-14T14:45:35","modified_gmt":"2023-08-14T12:45:35","slug":"spid","status":"publish","type":"page","link":"https:\/\/ambstoccolma.esteri.it\/en\/servizi-consolari-e-visti\/servizi-per-il-cittadino-italiano\/spid\/","title":{"rendered":"SPID"},"content":{"rendered":"<p><strong><img loading=\"lazy\" decoding=\"async\" class=\"alignnone size-medium wp-image-346 img-fluid\" src=\"https:\/\/ambstoccolma.esteri.it\/wp-content\/uploads\/2023\/06\/SPID-sito-300x197.jpg\" alt=\"\" width=\"300\" height=\"197\" srcset=\"https:\/\/ambstoccolma.esteri.it\/wp-content\/uploads\/2023\/06\/SPID-sito-300x197.jpg 300w, https:\/\/ambstoccolma.esteri.it\/wp-content\/uploads\/2023\/06\/SPID-sito.jpg 650w\" sizes=\"auto, (max-width: 300px) 100vw, 300px\" \/><\/strong><\/p>\n<p><strong>SPID, il Sistema Pubblico di Identit\u00e0 Digitale<\/strong>, \u00e8 la soluzione che permette di accedere ai servizi online della Pubblica Amministrazione e dei soggetti privati aderenti con un\u2019unica Identit\u00e0 Digitale (username e password) utilizzabile da computer, tablet e smartphone.<br \/>\nL\u2019utilizzo dello SPID \u00e8 gratuito.<br \/>\nAnche richiedere SPID \u00e8 gratuito, ma alcune forme di riconoscimento da parte degli operatori potrebbero essere a pagamento.<br \/>\nSPID \u00e8 semplice: prenotazioni sanitarie, iscrizioni scolastiche, accesso alla rete Wi-Fi pubblica, pratiche d\u2019impresa ecc. sempre con le stesse credenziali.<br \/>\nSPID \u00e8 sicuro: il sistema SPID assicura la piena protezione dei tuoi dati personali e non \u00e8 consentito alcun tipo di profilazione; la tua privacy \u00e8 garantita.<br \/>\nSPID \u00e8 veloce: \u00e8 possibile accedere velocemente ai servizi online della Pubblica Amministrazione e dei soggetti privati aderenti ovunque ti trovi e da qualsiasi dispositivo.<\/p>\n<p>&nbsp;<\/p>\n<p><strong>Richiedi lo SPID<\/strong><\/p>\n<p>Per richiedere e ottenere le tue credenziali SPID, il Sistema Pubblico di Identit\u00e0 Digitale, devi esser maggiorenne.<br \/>\nAvrai bisogno di:<br \/>\n\u2022 un indirizzo e-mail;<br \/>\n\u2022 il numero di telefono del cellulare che usi normalmente (anche straniero);<br \/>\n\u2022 un documento di identit\u00e0 italiano valido (uno tra carta di identit\u00e0, passaporto, patente). Durante la registrazione pu\u00f2 esser necessario fotografarli e allegarli al formulario che compilerai;<br \/>\n\u2022 il codice fiscale (in assenza di codice fiscale, \u00e8 possibile farne richiesta all\u2019Ufficio consolare, a breve anche tramite la piattaforma FastIT. Far\u00e0 fede il foglio dell\u2019Agenzia delle Entrate vidimate dall\u2019Ufficio consolare).<\/p>\n<p>&nbsp;<\/p>\n<p><strong>Cosa fare per ottenere SPID<\/strong><\/p>\n<p>Scegli uno tra gli Identity Provider\u00a0<a href=\"https:\/\/www.spid.gov.it\/cos-e-spid\/come-attivare-spid\/\">(https:\/\/www.spid.gov.it\/cos-e-spid\/come-attivare-spid\/<\/a>) e registrati sul loro sito.<br \/>\nLa registrazione consiste in 3 step:<br \/>\n1. Inserisci i dati anagrafici;<br \/>\n2. Crea le tue credenziali SPID;<br \/>\n3. Effettua il riconoscimento a scelta tra le seguenti modalit\u00e0: di persona \/ da remoto via webcam\/ tramite CIE, CNS, passaporto o firma digitale \/audio-video con bonifico bancario (bonifico da un c\/c con IBAN italiano).<br \/>\nI tempi di rilascio dell\u2019identit\u00e0 digitale dipendono dai singoli Identity Provider.<\/p>\n<p>&nbsp;<\/p>\n<p><strong>Come scegliere tra i diversi Identity Provider<\/strong><\/p>\n<p>Gli Identity Provider forniscono diverse modalit\u00e0 di registrazione gratuitamente o a pagamento e i rispettivi SPID hanno diversi livelli di sicurezza.<br \/>\nLa tabella qui riportata (<a href=\"https:\/\/www.spid.gov.it\/cos-e-spid\/come-scegliere-tra-gli-idp\/\">https:\/\/www.spid.gov.it\/cos-e-spid\/come-scegliere-tra-gli-idp\/<\/a>) fornisce un quadro aggiornato della situazione.<br \/>\nIn particolare, si consiglia di soffermarsi sui seguenti parametri:<br \/>\n\u2022 scegli la modalit\u00e0 di riconoscimento che ti risulta pi\u00f9 comoda:di persona in Italia o presso le Sedi consolari accreditate come RAO (al momento solo Tel Aviv e Gerusalemme), tramite Carta d\u2019Identit\u00e0 Elettronica (CIE), Carta Nazionale dei Servizi (CNS), Passaporto biometrico, Firma Digitale o tramite webcam;<br \/>\n\u2022 scegli sulla base del livello di sicurezza di SPID che ti serve;<br \/>\n\u2022 se sei un cittadino italiano residente all\u2019estero, fai attenzione a chi offre il servizio per l\u2019estero: scegli l\u2019Identity Provider che mostra l\u2019icona \u201cMondo\u201d o \u201cEU\u201d;<br \/>\nRicorda che anche usando la CIE, la CNS, il Passaporto biometrico e la firma digitale puoi ottenere SPID da remoto (a distanza). Visita i siti dei diversi gestori per verificare le condizioni di rilascio e scegliere quella pi\u00f9 utile per te.<\/p>\n<p>&nbsp;<\/p>\n<p><strong>Dove si pu\u00f2 usare SPID<\/strong><\/p>\n<p>A questo\u00a0<a href=\"https:\/\/www.spid.gov.it\/\">link<\/a>\u00a0puoi cercare tra i servizi abilitati SPID di oltre 4000 Amministrazioni e trovare l\u2019elenco dei fornitori di servizi privati. Puoi accedere al portale\u00a0<a href=\"https:\/\/serviziconsolari.esteri.it\/ScoFE\/\">\u201cFast It\u201d<\/a>\u00a0della Farnesina dedicato ai servizi consolari con le credenziali SPID.<\/p>\n<p>&nbsp;<\/p>\n<p><strong>Domande frequenti<\/strong>:\u00a0<a href=\"https:\/\/www.spid.gov.it\/domande-frequenti\/\">https:\/\/www.spid.gov.it\/domande-frequenti<\/a><br \/>\n<em>[Fonte delle informazioni riportate su questa pagina:\u00a0<a href=\"https:\/\/www.spid.gov.it\/\">www.spid.gov.it<\/a>, cui si rimanda per aggiornamenti ed approfondimenti]<\/em><\/p>\n","protected":false},"excerpt":{"rendered":"SPID, il Sistema Pubblico di Identit\u00e0 Digitale, \u00e8 la soluzione che permette di accedere ai servizi online della Pubblica Amministrazione e dei soggetti privati aderenti con un\u2019unica Identit\u00e0 Digitale (username e password) utilizzabile da computer, tablet e smartphone. L\u2019utilizzo dello SPID \u00e8 gratuito. Anche richiedere SPID \u00e8 gratuito, ma alcune forme di riconoscimento da parte [&hellip;]","protected":false},"author":4,"featured_media":0,"parent":232,"menu_order":34,"comment_status":"closed","ping_status":"closed","template":"","meta":{"footnotes":""},"class_list":["post-1100","page","type-page","status-publish","hentry"],"_links":{"self":[{"href":"https:\/\/ambstoccolma.esteri.it\/en\/wp-json\/wp\/v2\/pages\/1100","targetHints":{"allow":["GET"]}}],"collection":[{"href":"https:\/\/ambstoccolma.esteri.it\/en\/wp-json\/wp\/v2\/pages"}],"about":[{"href":"https:\/\/ambstoccolma.esteri.it\/en\/wp-json\/wp\/v2\/types\/page"}],"author":[{"embeddable":true,"href":"https:\/\/ambstoccolma.esteri.it\/en\/wp-json\/wp\/v2\/users\/4"}],"replies":[{"embeddable":true,"href":"https:\/\/ambstoccolma.esteri.it\/en\/wp-json\/wp\/v2\/comments?post=1100"}],"version-history":[{"count":0,"href":"https:\/\/ambstoccolma.esteri.it\/en\/wp-json\/wp\/v2\/pages\/1100\/revisions"}],"up":[{"embeddable":true,"href":"https:\/\/ambstoccolma.esteri.it\/en\/wp-json\/wp\/v2\/pages\/232"}],"wp:attachment":[{"href":"https:\/\/ambstoccolma.esteri.it\/en\/wp-json\/wp\/v2\/media?parent=1100"}],"curies":[{"name":"wp","href":"https:\/\/api.w.org\/{rel}","templated":true}]}}