{"id":187,"date":"2023-04-11T17:07:36","date_gmt":"2023-04-11T15:07:36","guid":{"rendered":"https:\/\/ambstoccolma.esteri.it\/chi-siamo\/"},"modified":"2023-08-09T09:46:24","modified_gmt":"2023-08-09T07:46:24","slug":"chi-siamo","status":"publish","type":"page","link":"https:\/\/ambstoccolma.esteri.it\/en\/chi-siamo\/","title":{"rendered":"About us"},"content":{"rendered":"<p><img loading=\"lazy\" decoding=\"async\" class=\"alignnone size-medium wp-image-1816 img-fluid aligncenter\" src=\"https:\/\/ambstoccolma.esteri.it\/wp-content\/uploads\/2023\/08\/Foto-Ambasciata-2-300x225.jpg\" alt=\"\" width=\"300\" height=\"225\" srcset=\"https:\/\/ambstoccolma.esteri.it\/wp-content\/uploads\/2023\/08\/Foto-Ambasciata-2-300x225.jpg 300w, https:\/\/ambstoccolma.esteri.it\/wp-content\/uploads\/2023\/08\/Foto-Ambasciata-2-1024x768.jpg 1024w, https:\/\/ambstoccolma.esteri.it\/wp-content\/uploads\/2023\/08\/Foto-Ambasciata-2-768x576.jpg 768w, https:\/\/ambstoccolma.esteri.it\/wp-content\/uploads\/2023\/08\/Foto-Ambasciata-2.jpg 1920w\" sizes=\"auto, (max-width: 300px) 100vw, 300px\" \/><\/p>\n<p>The Embassy is located at Oakhill in Stockholm, on the island of Djurg\u00e5rden. The address is Djurg\u00e5rdsv\u00e4gen 174.<\/p>\n","protected":false},"excerpt":{"rendered":"The Embassy is located at Oakhill in Stockholm, on the island of Djurg\u00e5rden. The address is Djurg\u00e5rdsv\u00e4gen 174.","protected":false},"author":1,"featured_media":0,"parent":0,"menu_order":2,"comment_status":"closed","ping_status":"closed","template":"","meta":{"footnotes":""},"class_list":["post-187","page","type-page","status-publish","hentry"],"_links":{"self":[{"href":"https:\/\/ambstoccolma.esteri.it\/en\/wp-json\/wp\/v2\/pages\/187","targetHints":{"allow":["GET"]}}],"collection":[{"href":"https:\/\/ambstoccolma.esteri.it\/en\/wp-json\/wp\/v2\/pages"}],"about":[{"href":"https:\/\/ambstoccolma.esteri.it\/en\/wp-json\/wp\/v2\/types\/page"}],"author":[{"embeddable":true,"href":"https:\/\/ambstoccolma.esteri.it\/en\/wp-json\/wp\/v2\/users\/1"}],"replies":[{"embeddable":true,"href":"https:\/\/ambstoccolma.esteri.it\/en\/wp-json\/wp\/v2\/comments?post=187"}],"version-history":[{"count":0,"href":"https:\/\/ambstoccolma.esteri.it\/en\/wp-json\/wp\/v2\/pages\/187\/revisions"}],"wp:attachment":[{"href":"https:\/\/ambstoccolma.esteri.it\/en\/wp-json\/wp\/v2\/media?parent=187"}],"curies":[{"name":"wp","href":"https:\/\/api.w.org\/{rel}","templated":true}]}}